{"id":2353,"date":"2024-01-02T11:05:01","date_gmt":"2024-01-02T10:05:01","guid":{"rendered":"https:\/\/hron.tech\/blogs\/"},"modified":"2024-03-15T10:23:43","modified_gmt":"2024-03-15T09:23:43","slug":"blogs","status":"publish","type":"page","link":"https:\/\/hron.tech\/en\/blogs\/","title":{"rendered":"Blogs"},"content":{"rendered":"\t\t<div data-elementor-type=\"wp-page\" data-elementor-id=\"2353\" class=\"elementor elementor-2353 elementor-74\" data-elementor-post-type=\"page\">\n\t\t\t\t<div class=\"elementor-element elementor-element-9017c8a e-con-full e-flex e-con e-parent\" data-id=\"9017c8a\" data-element_type=\"container\" data-e-type=\"container\">\n\t\t\t\t<div class=\"elementor-element elementor-element-0c2bd1f elementor-posts--align-left elementor-widget__width-initial elementor-grid-3 elementor-grid-tablet-2 elementor-grid-mobile-1 elementor-posts--thumbnail-top elementor-card-shadow-yes elementor-posts__hover-gradient elementor-widget elementor-widget-posts\" data-id=\"0c2bd1f\" data-element_type=\"widget\" data-e-type=\"widget\" data-settings=\"{&quot;cards_columns&quot;:&quot;3&quot;,&quot;cards_columns_tablet&quot;:&quot;2&quot;,&quot;cards_columns_mobile&quot;:&quot;1&quot;,&quot;cards_row_gap&quot;:{&quot;unit&quot;:&quot;px&quot;,&quot;size&quot;:35,&quot;sizes&quot;:[]},&quot;cards_row_gap_tablet&quot;:{&quot;unit&quot;:&quot;px&quot;,&quot;size&quot;:&quot;&quot;,&quot;sizes&quot;:[]},&quot;cards_row_gap_mobile&quot;:{&quot;unit&quot;:&quot;px&quot;,&quot;size&quot;:&quot;&quot;,&quot;sizes&quot;:[]}}\" data-widget_type=\"posts.cards\">\n\t\t\t\t<div class=\"elementor-widget-container\">\n\t\t\t\t\t\t\t<div class=\"elementor-posts-container elementor-posts elementor-posts--skin-cards elementor-grid\" role=\"list\">\n\t\t\t\t<article class=\"elementor-post elementor-grid-item post-3877 post type-post status-publish format-standard has-post-thumbnail hentry category-uncategorized\" role=\"listitem\">\n\t\t\t<div class=\"elementor-post__card\">\n\t\t\t\t<a class=\"elementor-post__thumbnail__link\" href=\"https:\/\/hron.tech\/en\/security-first-what-is-a-vpn\/\" tabindex=\"-1\"><div class=\"elementor-post__thumbnail\"><img fetchpriority=\"high\" decoding=\"async\" width=\"1200\" height=\"800\" src=\"https:\/\/hron.tech\/wp-content\/uploads\/2024\/07\/entguard_security-e1721733136301.jpg\" class=\"attachment-full size-full wp-image-3342\" alt=\"\" \/><\/div><\/a>\n\t\t\t\t<div class=\"elementor-post__badge\">Uncategorized<\/div>\n\t\t\t\t<div class=\"elementor-post__text\">\n\t\t\t\t<h3 class=\"elementor-post__title\">\n\t\t\t<a href=\"https:\/\/hron.tech\/en\/security-first-what-is-a-vpn\/\">\n\t\t\t\tSecurity First &#8211; What is a VPN?\t\t\t<\/a>\n\t\t<\/h3>\n\t\t\t\t<div class=\"elementor-post__excerpt\">\n\t\t\t<p>Nowadays, security is a key aspect for every company. When working with sensitive data, it is essential to ensure that this information is protected from<\/p>\n\t\t<\/div>\n\t\t\n\t\t<a class=\"elementor-post__read-more\" href=\"https:\/\/hron.tech\/en\/security-first-what-is-a-vpn\/\" aria-label=\"Read more about Security First &#8211; What is a VPN?\" tabindex=\"-1\">\n\t\t\tRead more\t\t<\/a>\n\n\t\t\t\t<\/div>\n\t\t\t\t<div class=\"elementor-post__meta-data\">\n\t\t\t\t\t<span class=\"elementor-post-date\">\n\t\t\tJuly 23, 2024\t\t<\/span>\n\t\t\t\t<\/div>\n\t\t\t\t\t<\/div>\n\t\t<\/article>\n\t\t\t\t<article class=\"elementor-post elementor-grid-item post-3871 post type-post status-publish format-standard has-post-thumbnail hentry category-hron-en\" role=\"listitem\">\n\t\t\t<div class=\"elementor-post__card\">\n\t\t\t\t<a class=\"elementor-post__thumbnail__link\" href=\"https:\/\/hron.tech\/en\/with-hron-against-corruption\/\" tabindex=\"-1\"><div class=\"elementor-post__thumbnail\"><img decoding=\"async\" width=\"612\" height=\"408\" src=\"https:\/\/hron.tech\/wp-content\/uploads\/2024\/05\/istockphoto-1271433813-612x612-1.jpg\" class=\"attachment-full size-full wp-image-3265\" alt=\"\" srcset=\"https:\/\/hron.tech\/wp-content\/uploads\/2024\/05\/istockphoto-1271433813-612x612-1.jpg 612w, https:\/\/hron.tech\/wp-content\/uploads\/2024\/05\/istockphoto-1271433813-612x612-1-300x200.jpg 300w\" sizes=\"(max-width: 612px) 100vw, 612px\" \/><\/div><\/a>\n\t\t\t\t<div class=\"elementor-post__badge\">Hron<\/div>\n\t\t\t\t<div class=\"elementor-post__text\">\n\t\t\t\t<h3 class=\"elementor-post__title\">\n\t\t\t<a href=\"https:\/\/hron.tech\/en\/with-hron-against-corruption\/\">\n\t\t\t\tWith HRON against corruption\t\t\t<\/a>\n\t\t<\/h3>\n\t\t\t\t<div class=\"elementor-post__excerpt\">\n\t\t\t<p>In this blog, we want to introduce you to an important functionality of our HRON attendance system. This is the whistleblowing system, which is integrated<\/p>\n\t\t<\/div>\n\t\t\n\t\t<a class=\"elementor-post__read-more\" href=\"https:\/\/hron.tech\/en\/with-hron-against-corruption\/\" aria-label=\"Read more about With HRON against corruption\" tabindex=\"-1\">\n\t\t\tRead more\t\t<\/a>\n\n\t\t\t\t<\/div>\n\t\t\t\t<div class=\"elementor-post__meta-data\">\n\t\t\t\t\t<span class=\"elementor-post-date\">\n\t\t\tMay 7, 2024\t\t<\/span>\n\t\t\t\t<\/div>\n\t\t\t\t\t<\/div>\n\t\t<\/article>\n\t\t\t\t<article class=\"elementor-post elementor-grid-item post-2551 post type-post status-publish format-standard has-post-thumbnail hentry category-hr-punk-en category-hr-punk\" role=\"listitem\">\n\t\t\t<div class=\"elementor-post__card\">\n\t\t\t\t<a class=\"elementor-post__thumbnail__link\" href=\"https:\/\/hron.tech\/en\/hr-punk-and-decoding-the-needs-of-generation-z-in-the-workplace\/\" tabindex=\"-1\"><div class=\"elementor-post__thumbnail\"><img decoding=\"async\" width=\"2560\" height=\"1707\" src=\"https:\/\/hron.tech\/wp-content\/uploads\/2024\/03\/DSC03289-Enhanced-NR-min-1-scaled.webp\" class=\"attachment-full size-full wp-image-2521\" alt=\"\" srcset=\"https:\/\/hron.tech\/wp-content\/uploads\/2024\/03\/DSC03289-Enhanced-NR-min-1-scaled.webp 2560w, https:\/\/hron.tech\/wp-content\/uploads\/2024\/03\/DSC03289-Enhanced-NR-min-1-300x200.webp 300w, https:\/\/hron.tech\/wp-content\/uploads\/2024\/03\/DSC03289-Enhanced-NR-min-1-1024x683.webp 1024w, https:\/\/hron.tech\/wp-content\/uploads\/2024\/03\/DSC03289-Enhanced-NR-min-1-768x512.webp 768w, https:\/\/hron.tech\/wp-content\/uploads\/2024\/03\/DSC03289-Enhanced-NR-min-1-1536x1024.webp 1536w, https:\/\/hron.tech\/wp-content\/uploads\/2024\/03\/DSC03289-Enhanced-NR-min-1-2048x1365.webp 2048w\" sizes=\"(max-width: 2560px) 100vw, 2560px\" \/><\/div><\/a>\n\t\t\t\t<div class=\"elementor-post__badge\">HR-Punk<\/div>\n\t\t\t\t<div class=\"elementor-post__text\">\n\t\t\t\t<h3 class=\"elementor-post__title\">\n\t\t\t<a href=\"https:\/\/hron.tech\/en\/hr-punk-and-decoding-the-needs-of-generation-z-in-the-workplace\/\">\n\t\t\t\tHR Punk and Decoding the Needs of Generation Z in the Workplace\t\t\t<\/a>\n\t\t<\/h3>\n\t\t\t\t<div class=\"elementor-post__excerpt\">\n\t\t\t<p>https:\/\/www.youtube.com\/watch?v=goPvEpIswyk Podujatie HR Punk, ktor\u00e9 spoluorganizovala spolo\u010dnos\u0165 PANTHEON.tech malo za ciel spoji\u0165 my\u0161lienkov\u00fdch l\u00eddrov a odborn\u00edkov v oblasti \u013eudsk\u00fdch zdrojov a diskutova\u0165 o bud\u00facnosti tejto<\/p>\n\t\t<\/div>\n\t\t\n\t\t<a class=\"elementor-post__read-more\" href=\"https:\/\/hron.tech\/en\/hr-punk-and-decoding-the-needs-of-generation-z-in-the-workplace\/\" aria-label=\"Read more about HR Punk and Decoding the Needs of Generation Z in the Workplace\" tabindex=\"-1\">\n\t\t\tRead more\t\t<\/a>\n\n\t\t\t\t<\/div>\n\t\t\t\t<div class=\"elementor-post__meta-data\">\n\t\t\t\t\t<span class=\"elementor-post-date\">\n\t\t\tMarch 11, 2024\t\t<\/span>\n\t\t\t\t<\/div>\n\t\t\t\t\t<\/div>\n\t\t<\/article>\n\t\t\t\t<article class=\"elementor-post elementor-grid-item post-2331 post type-post status-publish format-standard has-post-thumbnail hentry category-hron-en\" role=\"listitem\">\n\t\t\t<div class=\"elementor-post__card\">\n\t\t\t\t<a class=\"elementor-post__thumbnail__link\" href=\"https:\/\/hron.tech\/en\/ukazte-svojmu-personalistovi-ze-ho-mate-radi\/\" tabindex=\"-1\"><div class=\"elementor-post__thumbnail\"><img loading=\"lazy\" decoding=\"async\" width=\"2560\" height=\"1707\" src=\"https:\/\/hron.tech\/wp-content\/uploads\/2024\/01\/amy-hirschi-K0c8ko3e6AA-unsplash-scaled.jpg\" class=\"attachment-full size-full wp-image-2320\" alt=\"\" srcset=\"https:\/\/hron.tech\/wp-content\/uploads\/2024\/01\/amy-hirschi-K0c8ko3e6AA-unsplash-scaled.jpg 2560w, https:\/\/hron.tech\/wp-content\/uploads\/2024\/01\/amy-hirschi-K0c8ko3e6AA-unsplash-300x200.jpg 300w, https:\/\/hron.tech\/wp-content\/uploads\/2024\/01\/amy-hirschi-K0c8ko3e6AA-unsplash-1024x683.jpg 1024w, https:\/\/hron.tech\/wp-content\/uploads\/2024\/01\/amy-hirschi-K0c8ko3e6AA-unsplash-768x512.jpg 768w, https:\/\/hron.tech\/wp-content\/uploads\/2024\/01\/amy-hirschi-K0c8ko3e6AA-unsplash-1536x1024.jpg 1536w, https:\/\/hron.tech\/wp-content\/uploads\/2024\/01\/amy-hirschi-K0c8ko3e6AA-unsplash-2048x1365.jpg 2048w\" sizes=\"(max-width: 2560px) 100vw, 2560px\" \/><\/div><\/a>\n\t\t\t\t<div class=\"elementor-post__badge\">Hron<\/div>\n\t\t\t\t<div class=\"elementor-post__text\">\n\t\t\t\t<h3 class=\"elementor-post__title\">\n\t\t\t<a href=\"https:\/\/hron.tech\/en\/ukazte-svojmu-personalistovi-ze-ho-mate-radi\/\">\n\t\t\t\tSimplify the work of your recruiters\t\t\t<\/a>\n\t\t<\/h3>\n\t\t\t\t<div class=\"elementor-post__excerpt\">\n\t\t\t<p>By\u0165 personalistom nie je \u013eahk\u00e1 pr\u00e1ca Zoberte si napr\u00edklad personalistku Luciu. Ka\u017ed\u00e9 r\u00e1no chod\u00ed do pr\u00e1ce sk\u00f4r, aby stihla spracova\u0165 papierov\u00e9 \u017eiadanky o dovolenku, vo\u013eno<\/p>\n\t\t<\/div>\n\t\t\n\t\t<a class=\"elementor-post__read-more\" href=\"https:\/\/hron.tech\/en\/ukazte-svojmu-personalistovi-ze-ho-mate-radi\/\" aria-label=\"Read more about Simplify the work of your recruiters\" tabindex=\"-1\">\n\t\t\tRead more\t\t<\/a>\n\n\t\t\t\t<\/div>\n\t\t\t\t<div class=\"elementor-post__meta-data\">\n\t\t\t\t\t<span class=\"elementor-post-date\">\n\t\t\tFebruary 7, 2024\t\t<\/span>\n\t\t\t\t<\/div>\n\t\t\t\t\t<\/div>\n\t\t<\/article>\n\t\t\t\t<article class=\"elementor-post elementor-grid-item post-2335 post type-post status-publish format-standard has-post-thumbnail hentry category-hron-en\" role=\"listitem\">\n\t\t\t<div class=\"elementor-post__card\">\n\t\t\t\t<a class=\"elementor-post__thumbnail__link\" href=\"https:\/\/hron.tech\/en\/with-hron-you-can-work-to-your-full-potential-all-year-round\/\" tabindex=\"-1\"><div class=\"elementor-post__thumbnail\"><img loading=\"lazy\" decoding=\"async\" width=\"2400\" height=\"1600\" src=\"https:\/\/hron.tech\/wp-content\/uploads\/2024\/02\/natalya-zaritskaya-SIOdjcYotms-unsplash.webp\" class=\"attachment-full size-full wp-image-2316\" alt=\"\" srcset=\"https:\/\/hron.tech\/wp-content\/uploads\/2024\/02\/natalya-zaritskaya-SIOdjcYotms-unsplash.webp 2400w, https:\/\/hron.tech\/wp-content\/uploads\/2024\/02\/natalya-zaritskaya-SIOdjcYotms-unsplash-300x200.webp 300w, https:\/\/hron.tech\/wp-content\/uploads\/2024\/02\/natalya-zaritskaya-SIOdjcYotms-unsplash-1024x683.webp 1024w, https:\/\/hron.tech\/wp-content\/uploads\/2024\/02\/natalya-zaritskaya-SIOdjcYotms-unsplash-768x512.webp 768w, https:\/\/hron.tech\/wp-content\/uploads\/2024\/02\/natalya-zaritskaya-SIOdjcYotms-unsplash-1536x1024.webp 1536w, https:\/\/hron.tech\/wp-content\/uploads\/2024\/02\/natalya-zaritskaya-SIOdjcYotms-unsplash-2048x1365.webp 2048w\" sizes=\"(max-width: 2400px) 100vw, 2400px\" \/><\/div><\/a>\n\t\t\t\t<div class=\"elementor-post__badge\">Hron<\/div>\n\t\t\t\t<div class=\"elementor-post__text\">\n\t\t\t\t<h3 class=\"elementor-post__title\">\n\t\t\t<a href=\"https:\/\/hron.tech\/en\/with-hron-you-can-work-to-your-full-potential-all-year-round\/\">\n\t\t\t\tHRON helps to address substitutability during holidays\t\t\t<\/a>\n\t\t<\/h3>\n\t\t\t\t<div class=\"elementor-post__excerpt\">\n\t\t\t<p>Jano ochorel, Katka s Andrejom s\u00fa na dovolenke a Mi\u0161o je na slu\u017eobnej ceste. \u010co \u010dert nechcel, Jano m\u00e1 vo firme na starosti agendu, v<\/p>\n\t\t<\/div>\n\t\t\n\t\t<a class=\"elementor-post__read-more\" href=\"https:\/\/hron.tech\/en\/with-hron-you-can-work-to-your-full-potential-all-year-round\/\" aria-label=\"Read more about HRON helps to address substitutability during holidays\" tabindex=\"-1\">\n\t\t\tRead more\t\t<\/a>\n\n\t\t\t\t<\/div>\n\t\t\t\t<div class=\"elementor-post__meta-data\">\n\t\t\t\t\t<span class=\"elementor-post-date\">\n\t\t\tFebruary 2, 2024\t\t<\/span>\n\t\t\t\t<\/div>\n\t\t\t\t\t<\/div>\n\t\t<\/article>\n\t\t\t\t<article class=\"elementor-post elementor-grid-item post-2347 post type-post status-publish format-standard has-post-thumbnail hentry category-hron-en\" role=\"listitem\">\n\t\t\t<div class=\"elementor-post__card\">\n\t\t\t\t<a class=\"elementor-post__thumbnail__link\" href=\"https:\/\/hron.tech\/en\/streamline-the-process-of-tracking-attendance-effortlessly\/\" tabindex=\"-1\"><div class=\"elementor-post__thumbnail\"><img loading=\"lazy\" decoding=\"async\" width=\"2070\" height=\"1380\" src=\"https:\/\/hron.tech\/wp-content\/uploads\/2024\/01\/photo-1600880292203-757bb62b4baf.webp\" class=\"attachment-full size-full wp-image-2312\" alt=\"\" srcset=\"https:\/\/hron.tech\/wp-content\/uploads\/2024\/01\/photo-1600880292203-757bb62b4baf.webp 2070w, https:\/\/hron.tech\/wp-content\/uploads\/2024\/01\/photo-1600880292203-757bb62b4baf-300x200.webp 300w, https:\/\/hron.tech\/wp-content\/uploads\/2024\/01\/photo-1600880292203-757bb62b4baf-1024x683.webp 1024w, https:\/\/hron.tech\/wp-content\/uploads\/2024\/01\/photo-1600880292203-757bb62b4baf-768x512.webp 768w, https:\/\/hron.tech\/wp-content\/uploads\/2024\/01\/photo-1600880292203-757bb62b4baf-1536x1024.webp 1536w, https:\/\/hron.tech\/wp-content\/uploads\/2024\/01\/photo-1600880292203-757bb62b4baf-2048x1365.webp 2048w\" sizes=\"(max-width: 2070px) 100vw, 2070px\" \/><\/div><\/a>\n\t\t\t\t<div class=\"elementor-post__badge\">Hron<\/div>\n\t\t\t\t<div class=\"elementor-post__text\">\n\t\t\t\t<h3 class=\"elementor-post__title\">\n\t\t\t<a href=\"https:\/\/hron.tech\/en\/streamline-the-process-of-tracking-attendance-effortlessly\/\">\n\t\t\t\tAttendance tracking process &#8211; efficient and effortless\t\t\t<\/a>\n\t\t<\/h3>\n\t\t\t\t<div class=\"elementor-post__excerpt\">\n\t\t\t<p>Tradi\u010dn\u00e9 met\u00f3dy sledovania doch\u00e1dzky neumo\u017e\u0148uj\u00fa jej sledovanie v re\u00e1lnom \u010dase ani nepon\u00fakaj\u00fa jednoduch\u00fd pr\u00edstup k inform\u00e1ci\u00e1m o doch\u00e1dzke. Pri s\u00fa\u010dasn\u00fdch n\u00e1rokoch na pracovn\u00e9 procesy sa<\/p>\n\t\t<\/div>\n\t\t\n\t\t<a class=\"elementor-post__read-more\" href=\"https:\/\/hron.tech\/en\/streamline-the-process-of-tracking-attendance-effortlessly\/\" aria-label=\"Read more about Attendance tracking process &#8211; efficient and effortless\" tabindex=\"-1\">\n\t\t\tRead more\t\t<\/a>\n\n\t\t\t\t<\/div>\n\t\t\t\t<div class=\"elementor-post__meta-data\">\n\t\t\t\t\t<span class=\"elementor-post-date\">\n\t\t\tJanuary 19, 2024\t\t<\/span>\n\t\t\t\t<\/div>\n\t\t\t\t\t<\/div>\n\t\t<\/article>\n\t\t\t\t<article class=\"elementor-post elementor-grid-item post-2359 post type-post status-publish format-standard has-post-thumbnail hentry category-hron-en\" role=\"listitem\">\n\t\t\t<div class=\"elementor-post__card\">\n\t\t\t\t<a class=\"elementor-post__thumbnail__link\" href=\"https:\/\/hron.tech\/en\/improving-employee-productivity-and-attendance\/\" tabindex=\"-1\"><div class=\"elementor-post__thumbnail\"><img loading=\"lazy\" decoding=\"async\" width=\"2070\" height=\"1380\" src=\"https:\/\/hron.tech\/wp-content\/uploads\/2024\/01\/photo-1568790309276-16462ea4161d.webp\" class=\"attachment-full size-full wp-image-2313\" alt=\"\" srcset=\"https:\/\/hron.tech\/wp-content\/uploads\/2024\/01\/photo-1568790309276-16462ea4161d.webp 2070w, https:\/\/hron.tech\/wp-content\/uploads\/2024\/01\/photo-1568790309276-16462ea4161d-300x200.webp 300w, https:\/\/hron.tech\/wp-content\/uploads\/2024\/01\/photo-1568790309276-16462ea4161d-1024x683.webp 1024w, https:\/\/hron.tech\/wp-content\/uploads\/2024\/01\/photo-1568790309276-16462ea4161d-768x512.webp 768w, https:\/\/hron.tech\/wp-content\/uploads\/2024\/01\/photo-1568790309276-16462ea4161d-1536x1024.webp 1536w, https:\/\/hron.tech\/wp-content\/uploads\/2024\/01\/photo-1568790309276-16462ea4161d-2048x1365.webp 2048w\" sizes=\"(max-width: 2070px) 100vw, 2070px\" \/><\/div><\/a>\n\t\t\t\t<div class=\"elementor-post__badge\">Hron<\/div>\n\t\t\t\t<div class=\"elementor-post__text\">\n\t\t\t\t<h3 class=\"elementor-post__title\">\n\t\t\t<a href=\"https:\/\/hron.tech\/en\/improving-employee-productivity-and-attendance\/\">\n\t\t\t\tImproving productivity with the HRON attendance system\t\t\t<\/a>\n\t\t<\/h3>\n\t\t\t\t<div class=\"elementor-post__excerpt\">\n\t\t\t<p>Effective workforce management leads to increased performance and overall company success. Can an attendance system be a strong partner on this never-ending journey toward greater<\/p>\n\t\t<\/div>\n\t\t\n\t\t<a class=\"elementor-post__read-more\" href=\"https:\/\/hron.tech\/en\/improving-employee-productivity-and-attendance\/\" aria-label=\"Read more about Improving productivity with the HRON attendance system\" tabindex=\"-1\">\n\t\t\tRead more\t\t<\/a>\n\n\t\t\t\t<\/div>\n\t\t\t\t<div class=\"elementor-post__meta-data\">\n\t\t\t\t\t<span class=\"elementor-post-date\">\n\t\t\tJanuary 19, 2024\t\t<\/span>\n\t\t\t\t<\/div>\n\t\t\t\t\t<\/div>\n\t\t<\/article>\n\t\t\t\t<\/div>\n\t\t\n\t\t\t\t\t\t<\/div>\n\t\t\t\t<\/div>\n\t\t\t\t<\/div>\n\t\t\t\t<\/div>\n\t\t","protected":false},"excerpt":{"rendered":"","protected":false},"author":2,"featured_media":0,"parent":0,"menu_order":0,"comment_status":"closed","ping_status":"closed","template":"","meta":{"footnotes":""},"class_list":["post-2353","page","type-page","status-publish","hentry"],"_links":{"self":[{"href":"https:\/\/hron.tech\/en\/wp-json\/wp\/v2\/pages\/2353","targetHints":{"allow":["GET"]}}],"collection":[{"href":"https:\/\/hron.tech\/en\/wp-json\/wp\/v2\/pages"}],"about":[{"href":"https:\/\/hron.tech\/en\/wp-json\/wp\/v2\/types\/page"}],"author":[{"embeddable":true,"href":"https:\/\/hron.tech\/en\/wp-json\/wp\/v2\/users\/2"}],"replies":[{"embeddable":true,"href":"https:\/\/hron.tech\/en\/wp-json\/wp\/v2\/comments?post=2353"}],"version-history":[{"count":0,"href":"https:\/\/hron.tech\/en\/wp-json\/wp\/v2\/pages\/2353\/revisions"}],"wp:attachment":[{"href":"https:\/\/hron.tech\/en\/wp-json\/wp\/v2\/media?parent=2353"}],"curies":[{"name":"wp","href":"https:\/\/api.w.org\/{rel}","templated":true}]}}