{"id":2350,"date":"2024-01-16T17:30:34","date_gmt":"2024-01-16T16:30:34","guid":{"rendered":"https:\/\/hron.tech\/online-demo\/"},"modified":"2025-01-29T13:17:40","modified_gmt":"2025-01-29T12:17:40","slug":"online-demo","status":"publish","type":"page","link":"https:\/\/hron.tech\/en\/online-demo\/","title":{"rendered":"Online Demo"},"content":{"rendered":"\t\t<div data-elementor-type=\"wp-page\" data-elementor-id=\"2350\" class=\"elementor elementor-2350 elementor-1676\" data-elementor-post-type=\"page\">\n\t\t\t\t<div class=\"elementor-element elementor-element-3fa75d4 e-con-full e-flex e-con e-parent\" data-id=\"3fa75d4\" data-element_type=\"container\" data-e-type=\"container\" data-settings=\"{&quot;background_background&quot;:&quot;classic&quot;}\">\n\t\t<div class=\"elementor-element elementor-element-422841a e-con-full e-flex e-con e-child\" data-id=\"422841a\" data-element_type=\"container\" data-e-type=\"container\">\n\t\t\t\t<div class=\"elementor-element elementor-element-7ba423b elementor-widget__width-initial elementor-invisible elementor-widget elementor-widget-heading\" data-id=\"7ba423b\" data-element_type=\"widget\" data-e-type=\"widget\" data-settings=\"{&quot;_animation&quot;:&quot;fadeInUp&quot;}\" data-widget_type=\"heading.default\">\n\t\t\t\t<div class=\"elementor-widget-container\">\n\t\t\t\t\t<h1 class=\"elementor-heading-title elementor-size-default\">Are you interested in HRON? Leave us an email address and we will be happy to show you how the system works<\/h1>\t\t\t\t<\/div>\n\t\t\t\t<\/div>\n\t\t\t\t<div class=\"elementor-element elementor-element-5bfdb00 elementor-widget__width-initial elementor-widget elementor-widget-text-editor\" data-id=\"5bfdb00\" data-element_type=\"widget\" data-e-type=\"widget\" data-widget_type=\"text-editor.default\">\n\t\t\t\t<div class=\"elementor-widget-container\">\n\t\t\t\t\t\t\t\t\t<p style=\"text-align: center;\"><span style=\"color: #ffffff;\">Leave us your email address and we will be happy to show you how the system works.<\/span><\/p>\n\t\t\t\t\t\t\t\t<\/div>\n\t\t\t\t<\/div>\n\t\t\t\t<\/div>\n\t\t<div class=\"elementor-element elementor-element-2eb1dea e-con-full e-flex elementor-invisible e-con e-child\" data-id=\"2eb1dea\" data-element_type=\"container\" data-e-type=\"container\" data-settings=\"{&quot;animation&quot;:&quot;fadeInUp&quot;}\">\n\t\t\t\t<div class=\"elementor-element elementor-element-a57c0ff elementor-widget__width-initial elementor-widget elementor-widget-wpforms\" data-id=\"a57c0ff\" data-element_type=\"widget\" data-e-type=\"widget\" data-widget_type=\"wpforms.default\">\n\t\t\t\t<div class=\"elementor-widget-container\">\n\t\t\t\t\t<style id=\"wpforms-css-vars-elementor-widget-a57c0ff\">\n\t\t\t\t.elementor-widget-wpforms.elementor-element-a57c0ff {\n\t\t\t\t--wpforms-field-background-color: #FFFFFF;\n--wpforms-field-border-color: #FFFFFF40;\n--wpforms-field-border-color-spare: #FFFFFF40;\n--wpforms-field-text-color: #000000;\n--wpforms-label-color: #FFFFFFD9;\n--wpforms-label-sublabel-color: #D6D1D1;\n--wpforms-field-size-input-height: 43px;\n--wpforms-field-size-input-spacing: 15px;\n--wpforms-field-size-font-size: 16px;\n--wpforms-field-size-line-height: 19px;\n--wpforms-field-size-padding-h: 14px;\n--wpforms-field-size-checkbox-size: 16px;\n--wpforms-field-size-sublabel-spacing: 5px;\n--wpforms-field-size-icon-size: 1;\n--wpforms-label-size-font-size: 16px;\n--wpforms-label-size-line-height: 19px;\n--wpforms-label-size-sublabel-font-size: 14px;\n--wpforms-label-size-sublabel-line-height: 17px;\n--wpforms-button-size-font-size: 17px;\n--wpforms-button-size-height: 41px;\n--wpforms-button-size-padding-h: 15px;\n--wpforms-button-size-margin-top: 10px;\n\n\t\t\t}\n\t\t\t<\/style><div class=\"wpforms-container wpforms-container-full wpforms-render-modern\" id=\"wpforms-3703\"><form id=\"wpforms-form-3703\" class=\"wpforms-validate wpforms-form wpforms-ajax-form\" data-formid=\"3703\" method=\"post\" enctype=\"multipart\/form-data\" action=\"\/en\/wp-json\/wp\/v2\/pages\/2350\" data-token=\"bfceda4c99e822bb629f6564b88c4999\" data-token-time=\"1776881245\"><noscript class=\"wpforms-error-noscript\">Please enable JavaScript in your browser to complete this form.<\/noscript><div class=\"wpforms-hidden\" id=\"wpforms-error-noscript\">Please enable JavaScript in your browser to complete this form.<\/div><div class=\"wpforms-field-container\"><div id=\"wpforms-3703-field_3-container\" class=\"wpforms-field wpforms-field-name\" data-field-id=\"3\"><label class=\"wpforms-field-label\" for=\"wpforms-3703-field_3\">Meno a priezvisko <span class=\"wpforms-required-label\" aria-hidden=\"true\">*<\/span><\/label><input type=\"text\" id=\"wpforms-3703-field_3\" class=\"wpforms-field-medium wpforms-field-required\" name=\"wpforms[fields][3]\" aria-errormessage=\"wpforms-3703-field_3-error\" required><\/div><div id=\"wpforms-3703-field_7-container\" class=\"wpforms-field wpforms-field-text\" data-field-id=\"7\"><label class=\"wpforms-field-label\" for=\"wpforms-3703-field_7\">Telef\u00f3nne \u010d\u00edslo<\/label><input type=\"text\" id=\"wpforms-3703-field_7\" class=\"wpforms-field-medium\" name=\"wpforms[fields][7]\" aria-errormessage=\"wpforms-3703-field_7-error\" ><\/div><div id=\"wpforms-3703-field_4-container\" class=\"wpforms-field wpforms-field-email\" data-field-id=\"4\"><label class=\"wpforms-field-label\" for=\"wpforms-3703-field_4\">Pracovn\u00fd e-mail <span class=\"wpforms-required-label\" aria-hidden=\"true\">*<\/span><\/label><input type=\"email\" id=\"wpforms-3703-field_4\" class=\"wpforms-field-medium wpforms-field-required\" data-rule-restricted-email=\"1\" name=\"wpforms[fields][4]\" spellcheck=\"false\" aria-errormessage=\"wpforms-3703-field_4-error\" aria-describedby=\"wpforms-3703-field_4-description\" required><div id=\"wpforms-3703-field_4-description\" class=\"wpforms-field-description\">Pou\u017eite pracovn\u00fd e-mail. Slu\u017eby typu GMail a pod. nebud\u00fa fungova\u0165. V pr\u00edpade probl\u00e9mov n\u00e1s kontaktujte pros\u00edm telefonicky.<\/div><\/div><div id=\"wpforms-3703-field_2-container\" class=\"wpforms-field wpforms-field-textarea\" data-field-id=\"2\"><label class=\"wpforms-field-label\" for=\"wpforms-3703-field_2\">Va\u0161a spr\u00e1va <span class=\"wpforms-required-label\" aria-hidden=\"true\">*<\/span><\/label><textarea id=\"wpforms-3703-field_2\" class=\"wpforms-field-medium wpforms-field-required\" name=\"wpforms[fields][2]\" aria-errormessage=\"wpforms-3703-field_2-error\" required><\/textarea><\/div><\/div><!-- .wpforms-field-container --><div class=\"wpforms-submit-container\" ><input type=\"hidden\" name=\"wpforms[id]\" value=\"3703\"><input type=\"hidden\" name=\"page_title\" value=\"\"><input type=\"hidden\" name=\"page_url\" value=\"https:\/\/hron.tech\/en\/wp-json\/wp\/v2\/pages\/2350\"><input type=\"hidden\" name=\"url_referer\" value=\"\"><button type=\"submit\" name=\"wpforms[submit]\" id=\"wpforms-submit-3703\" class=\"wpforms-submit\" data-alt-text=\"Posielam...\" data-submit-text=\"Odosla\u0165\" aria-live=\"assertive\" value=\"wpforms-submit\">Odosla\u0165<\/button><img decoding=\"async\" src=\"https:\/\/hron.tech\/wp-content\/plugins\/wpforms\/assets\/images\/submit-spin.svg\" class=\"wpforms-submit-spinner\" style=\"display: none;\" width=\"26\" height=\"26\" alt=\"Loading\"><\/div><\/form><\/div>  <!-- .wpforms-container -->\t\t\t\t<\/div>\n\t\t\t\t<\/div>\n\t\t\t\t<div class=\"elementor-element elementor-element-2e77e91 elementor-widget elementor-widget-text-editor\" data-id=\"2e77e91\" data-element_type=\"widget\" data-e-type=\"widget\" data-widget_type=\"text-editor.default\">\n\t\t\t\t<div class=\"elementor-widget-container\">\n\t\t\t\t\t\t\t\t\t<p><span style=\"font-family: var( --e-global-typography-text-font-family ), Sans-serif; font-weight: var( --e-global-typography-text-font-weight ); text-align: var(--text-align); font-size: 1rem;\">Zaslan\u00edm \u00fadajov prostredn\u00edctvom tohto formul\u00e1ra budeme sprac\u00fava\u0165 Va\u0161e osobn\u00e9 \u00fadaje v rozsahu \u00fadajov, ktor\u00e9 v \u0148om uvediete, a to na \u00fa\u010del vybavenia V\u00e1\u0161ho dopytu alebo ot\u00e1zky.<\/span><\/p>\n<p>Pre obozn\u00e1menie sa s bli\u017e\u0161\u00edmi podmienkami spracovania Va\u0161ich osobn\u00fdch \u00fadajov na tento \u00fa\u010del <a href=\"https:\/\/hron.tech\/ochrana-osobnych-udajov\/\">pros\u00edm kliknite sem.<\/a><\/p>\n\t\t\t\t\t\t\t\t<\/div>\n\t\t\t\t<\/div>\n\t\t\t\t<\/div>\n\t\t\t\t<\/div>\n\t\t<div class=\"elementor-element elementor-element-adb4fe1 e-flex e-con-boxed e-con e-parent\" data-id=\"adb4fe1\" data-element_type=\"container\" data-e-type=\"container\">\n\t\t\t\t\t<div class=\"e-con-inner\">\n\t\t\t\t\t<\/div>\n\t\t\t\t<\/div>\n\t\t\t\t<\/div>\n\t\t","protected":false},"excerpt":{"rendered":"<p>Are you interested in HRON? Leave us an email address and we will be happy to show you how the system works Leave us your email address and we will be happy to show you how the system works. Please enable JavaScript in your browser to complete this form.Please enable JavaScript in your browser to [&hellip;]<\/p>\n","protected":false},"author":2,"featured_media":0,"parent":0,"menu_order":0,"comment_status":"closed","ping_status":"closed","template":"","meta":{"footnotes":""},"class_list":["post-2350","page","type-page","status-publish","hentry"],"_links":{"self":[{"href":"https:\/\/hron.tech\/en\/wp-json\/wp\/v2\/pages\/2350","targetHints":{"allow":["GET"]}}],"collection":[{"href":"https:\/\/hron.tech\/en\/wp-json\/wp\/v2\/pages"}],"about":[{"href":"https:\/\/hron.tech\/en\/wp-json\/wp\/v2\/types\/page"}],"author":[{"embeddable":true,"href":"https:\/\/hron.tech\/en\/wp-json\/wp\/v2\/users\/2"}],"replies":[{"embeddable":true,"href":"https:\/\/hron.tech\/en\/wp-json\/wp\/v2\/comments?post=2350"}],"version-history":[{"count":7,"href":"https:\/\/hron.tech\/en\/wp-json\/wp\/v2\/pages\/2350\/revisions"}],"predecessor-version":[{"id":3850,"href":"https:\/\/hron.tech\/en\/wp-json\/wp\/v2\/pages\/2350\/revisions\/3850"}],"wp:attachment":[{"href":"https:\/\/hron.tech\/en\/wp-json\/wp\/v2\/media?parent=2350"}],"curies":[{"name":"wp","href":"https:\/\/api.w.org\/{rel}","templated":true}]}}